{"id":130,"date":"2026-02-24T17:05:01","date_gmt":"2026-02-24T16:05:01","guid":{"rendered":"https:\/\/mirjamarco.com\/?page_id=130"},"modified":"2026-03-23T12:56:53","modified_gmt":"2026-03-23T11:56:53","slug":"cirugia-podologica","status":"publish","type":"page","link":"https:\/\/mirjamarco.com\/en\/cirugia-podologica\/","title":{"rendered":"Podiatric Surgery"},"content":{"rendered":"<div data-elementor-type=\"wp-page\" data-elementor-id=\"130\" class=\"elementor elementor-130\" data-elementor-post-type=\"page\">\n\t\t\t\t<div class=\"elementor-element elementor-element-50ea8fc e-flex e-con-boxed e-con e-parent\" data-id=\"50ea8fc\" data-element_type=\"container\" data-e-type=\"container\" data-settings=\"{&quot;background_background&quot;:&quot;classic&quot;,&quot;ekit_has_onepagescroll_dot&quot;:&quot;yes&quot;}\">\n\t\t\t\t\t<div class=\"e-con-inner\">\n\t\t\t\t<div class=\"elementor-element elementor-element-92d9127 animated-slow elementor-invisible elementor-widget elementor-widget-elementskit-heading\" data-id=\"92d9127\" data-element_type=\"widget\" data-e-type=\"widget\" data-settings=\"{&quot;_animation&quot;:&quot;fadeIn&quot;,&quot;ekit_we_effect_on&quot;:&quot;none&quot;}\" data-widget_type=\"elementskit-heading.default\">\n\t\t\t\t<div class=\"elementor-widget-container\">\n\t\t\t\t\t<div class=\"ekit-wid-con\" ><div class=\"ekit-heading elementskit-section-title-wraper text_left   ekit_heading_tablet-   ekit_heading_mobile-\"><h1 class=\"ekit-heading--title elementskit-section-title\"><span><span>Ciruj\u00eda<\/span><\/span> Podol\u00f3gica<\/h1><h3 class=\"ekit-heading--subtitle elementskit-section-subtitle\">\n\t\t\t\t\t\tCuando el tratamiento conservador no es suficiente, la cirug\u00eda es la soluci\u00f3n.\n\t\t\t\t\t<\/h3>\t\t\t\t<div class='ekit-heading__description'>\n\t\t\t\t\t<p>Hay problemas en el pie que no responden a plantillas ni a cuidados externos. Para esos casos existe la cirug\u00eda podol\u00f3gica: una intervenci\u00f3n<br \/>precisa, con recuperaci\u00f3n pensada para que vuelvas a tu actividad lo antes posible.<\/p>\n\t\t\t\t<\/div>\n\t\t\t<div class=\"ekit_heading_separetor_wraper ekit_heading_elementskit-border-divider ekit-dotted\"><div class=\"elementskit-border-divider ekit-dotted\"><\/div><\/div><\/div><\/div>\t\t\t\t<\/div>\n\t\t\t\t<\/div>\n\t\t\t\t\t<\/div>\n\t\t\t\t<\/div>\n\t\t<div class=\"elementor-element elementor-element-1835625 e-flex e-con-boxed e-con e-parent\" data-id=\"1835625\" data-element_type=\"container\" data-e-type=\"container\" data-settings=\"{&quot;background_background&quot;:&quot;gradient&quot;,&quot;ekit_has_onepagescroll_dot&quot;:&quot;yes&quot;}\">\n\t\t\t\t\t<div class=\"e-con-inner\">\n\t\t\t\t<div class=\"elementor-element elementor-element-d3d63da elementor-widget elementor-widget-text-editor\" data-id=\"d3d63da\" data-element_type=\"widget\" data-e-type=\"widget\" data-settings=\"{&quot;ekit_we_effect_on&quot;:&quot;none&quot;}\" data-widget_type=\"text-editor.default\">\n\t\t\t\t<div class=\"elementor-widget-container\">\n\t\t\t\t\t\t\t\t\t<p>Mirja est\u00e1 <strong>especializada en cirug\u00eda ungueal, digital y del hallux valgus<\/strong>, con formaci\u00f3n espec\u00edfica en el <strong>New York College of Podiatric Medicine<\/strong> y la <strong>Universidad Rey Juan Carlos<\/strong>.<\/p>\t\t\t\t\t\t\t\t<\/div>\n\t\t\t\t<\/div>\n\t\t\t\t\t<\/div>\n\t\t\t\t<\/div>\n\t\t<div class=\"elementor-element elementor-element-2b6f325 e-flex e-con-boxed e-con e-parent\" data-id=\"2b6f325\" data-element_type=\"container\" data-e-type=\"container\" data-settings=\"{&quot;ekit_has_onepagescroll_dot&quot;:&quot;yes&quot;}\">\n\t\t\t\t\t<div class=\"e-con-inner\">\n\t\t<div class=\"elementor-element elementor-element-47268e6 e-con-full e-flex e-con e-child\" data-id=\"47268e6\" data-element_type=\"container\" data-e-type=\"container\" data-settings=\"{&quot;background_background&quot;:&quot;gradient&quot;,&quot;ekit_has_onepagescroll_dot&quot;:&quot;yes&quot;}\">\n\t\t\t\t<div class=\"elementor-element elementor-element-e49f120 animated-fast elementor-invisible elementor-widget elementor-widget-elementskit-heading\" data-id=\"e49f120\" data-element_type=\"widget\" data-e-type=\"widget\" data-settings=\"{&quot;_animation&quot;:&quot;fadeInUp&quot;,&quot;_animation_delay&quot;:200,&quot;ekit_we_effect_on&quot;:&quot;none&quot;}\" data-widget_type=\"elementskit-heading.default\">\n\t\t\t\t<div class=\"elementor-widget-container\">\n\t\t\t\t\t<div class=\"ekit-wid-con\" ><div class=\"ekit-heading elementskit-section-title-wraper text_center   ekit_heading_tablet-   ekit_heading_mobile-\"><p class=\"ekit-heading--title elementskit-section-title\"><span><span>Qu\u00e9 se trata<\/span><\/span><\/p><div class=\"ekit_heading_separetor_wraper ekit_heading_elementskit-border-divider ekit-dotted\"><div class=\"elementskit-border-divider ekit-dotted\"><\/div><\/div><p class=\"ekit-heading--subtitle elementskit-section-subtitle\">\n\t\t\t\t\t\tPatolog\u00edas con soluci\u00f3n quir\u00fargica\n\t\t\t\t\t<\/p><\/div><\/div>\t\t\t\t<\/div>\n\t\t\t\t<\/div>\n\t\t<div class=\"elementor-element elementor-element-6049577 e-con-full e-grid e-con e-child\" data-id=\"6049577\" data-element_type=\"container\" data-e-type=\"container\" data-settings=\"{&quot;ekit_has_onepagescroll_dot&quot;:&quot;yes&quot;}\">\n\t\t\t\t<div class=\"elementor-element elementor-element-3610648 elementor-view-default elementor-position-block-start elementor-mobile-position-block-start elementor-widget elementor-widget-icon-box\" data-id=\"3610648\" data-element_type=\"widget\" data-e-type=\"widget\" data-settings=\"{&quot;ekit_we_effect_on&quot;:&quot;none&quot;}\" data-widget_type=\"icon-box.default\">\n\t\t\t\t<div class=\"elementor-widget-container\">\n\t\t\t\t\t\t\t<div class=\"elementor-icon-box-wrapper\">\n\n\t\t\t\t\t\t<div class=\"elementor-icon-box-icon\">\n\t\t\t\t<span  class=\"elementor-icon elementor-animation-grow\">\n\t\t\t\t<i aria-hidden=\"true\" class=\"icon icon-plier\"><\/i>\t\t\t\t<\/span>\n\t\t\t<\/div>\n\t\t\t\n\t\t\t\t\t\t<div class=\"elementor-icon-box-content\">\n\n\t\t\t\t\t\t\t\t\t<h3 class=\"elementor-icon-box-title\">\n\t\t\t\t\t\t<span  >\n\t\t\t\t\t\t\tU\u00f1as encarnadas (onicocriptosis)\t\t\t\t\t\t<\/span>\n\t\t\t\t\t<\/h3>\n\t\t\t\t\n\t\t\t\t\t\t\t\t\t<p class=\"elementor-icon-box-description\">\n\t\t\t\t\t\tLa u\u00f1a se clava en la piel provocando dolor, inflamaci\u00f3n e infecci\u00f3n recurrente. Mediante la t\u00e9cnica quir\u00fargica con fenol se resuelve de forma definitiva: la u\u00f1a deja de clavarse y vuelve a crecer de forma sana y est\u00e9tica.\t\t\t\t\t<\/p>\n\t\t\t\t\n\t\t\t<\/div>\n\t\t\t\n\t\t<\/div>\n\t\t\t\t\t\t<\/div>\n\t\t\t\t<\/div>\n\t\t\t\t<div class=\"elementor-element elementor-element-8e513a3 elementor-view-default elementor-position-block-start elementor-mobile-position-block-start elementor-widget elementor-widget-icon-box\" data-id=\"8e513a3\" data-element_type=\"widget\" data-e-type=\"widget\" data-settings=\"{&quot;ekit_we_effect_on&quot;:&quot;none&quot;}\" data-widget_type=\"icon-box.default\">\n\t\t\t\t<div class=\"elementor-widget-container\">\n\t\t\t\t\t\t\t<div class=\"elementor-icon-box-wrapper\">\n\n\t\t\t\t\t\t<div class=\"elementor-icon-box-icon\">\n\t\t\t\t<span  class=\"elementor-icon elementor-animation-grow\">\n\t\t\t\t<i aria-hidden=\"true\" class=\"icon icon-doctor\"><\/i>\t\t\t\t<\/span>\n\t\t\t<\/div>\n\t\t\t\n\t\t\t\t\t\t<div class=\"elementor-icon-box-content\">\n\n\t\t\t\t\t\t\t\t\t<h3 class=\"elementor-icon-box-title\">\n\t\t\t\t\t\t<span  >\n\t\t\t\t\t\t\tJuanetes (hallux valgus)\t\t\t\t\t\t<\/span>\n\t\t\t\t\t<\/h3>\n\t\t\t\t\n\t\t\t\t\t\t\t\t\t<p class=\"elementor-icon-box-description\">\n\t\t\t\t\t\tLa articulaci\u00f3n de la base del dedo gordo se desv\u00eda y sobresale, generando dolor y dificultad para calzarse. La cirug\u00eda corrige la deformidad y devuelve la alineaci\u00f3n correcta al pie.\t\t\t\t\t<\/p>\n\t\t\t\t\n\t\t\t<\/div>\n\t\t\t\n\t\t<\/div>\n\t\t\t\t\t\t<\/div>\n\t\t\t\t<\/div>\n\t\t\t\t<div class=\"elementor-element elementor-element-157b639 elementor-view-default elementor-position-block-start elementor-mobile-position-block-start elementor-widget elementor-widget-icon-box\" data-id=\"157b639\" data-element_type=\"widget\" data-e-type=\"widget\" data-settings=\"{&quot;ekit_we_effect_on&quot;:&quot;none&quot;}\" data-widget_type=\"icon-box.default\">\n\t\t\t\t<div class=\"elementor-widget-container\">\n\t\t\t\t\t\t\t<div class=\"elementor-icon-box-wrapper\">\n\n\t\t\t\t\t\t<div class=\"elementor-icon-box-icon\">\n\t\t\t\t<span  class=\"elementor-icon elementor-animation-grow\">\n\t\t\t\t<i aria-hidden=\"true\" class=\"icon icon-redo\"><\/i>\t\t\t\t<\/span>\n\t\t\t<\/div>\n\t\t\t\n\t\t\t\t\t\t<div class=\"elementor-icon-box-content\">\n\n\t\t\t\t\t\t\t\t\t<h3 class=\"elementor-icon-box-title\">\n\t\t\t\t\t\t<span  >\n\t\t\t\t\t\t\tDedos en garra\t\t\t\t\t\t<\/span>\n\t\t\t\t\t<\/h3>\n\t\t\t\t\n\t\t\t\t\t\t\t\t\t<p class=\"elementor-icon-box-description\">\n\t\t\t\t\t\tUna mala biomec\u00e1nica mantenida en el tiempo provoca la hiperflexi\u00f3n progresiva de los dedos. La cirug\u00eda corrige la deformidad cuando ya no hay vuelta atr\u00e1s con tratamiento conservador.\t\t\t\t\t<\/p>\n\t\t\t\t\n\t\t\t<\/div>\n\t\t\t\n\t\t<\/div>\n\t\t\t\t\t\t<\/div>\n\t\t\t\t<\/div>\n\t\t\t\t<div class=\"elementor-element elementor-element-26bfad4 elementor-view-default elementor-position-block-start elementor-mobile-position-block-start elementor-widget elementor-widget-icon-box\" data-id=\"26bfad4\" data-element_type=\"widget\" data-e-type=\"widget\" data-settings=\"{&quot;ekit_we_effect_on&quot;:&quot;none&quot;}\" data-widget_type=\"icon-box.default\">\n\t\t\t\t<div class=\"elementor-widget-container\">\n\t\t\t\t\t\t\t<div class=\"elementor-icon-box-wrapper\">\n\n\t\t\t\t\t\t<div class=\"elementor-icon-box-icon\">\n\t\t\t\t<span  class=\"elementor-icon elementor-animation-grow\">\n\t\t\t\t<i aria-hidden=\"true\" class=\"icon icon-frame-expand\"><\/i>\t\t\t\t<\/span>\n\t\t\t<\/div>\n\t\t\t\n\t\t\t\t\t\t<div class=\"elementor-icon-box-content\">\n\n\t\t\t\t\t\t\t\t\t<h3 class=\"elementor-icon-box-title\">\n\t\t\t\t\t\t<span  >\n\t\t\t\t\t\t\tNeuroma de Morton\t\t\t\t\t\t<\/span>\n\t\t\t\t\t<\/h3>\n\t\t\t\t\n\t\t\t\t\t\t\t\t\t<p class=\"elementor-icon-box-description\">\n\t\t\t\t\t\tDolor intenso y recurrente en la zona de los dedos causado por la inflamaci\u00f3n de un nervio. Cuando los soportes plantares no son suficientes, la cirug\u00eda ofrece una soluci\u00f3n resolutiva.\t\t\t\t\t<\/p>\n\t\t\t\t\n\t\t\t<\/div>\n\t\t\t\n\t\t<\/div>\n\t\t\t\t\t\t<\/div>\n\t\t\t\t<\/div>\n\t\t\t\t<\/div>\n\t\t\t\t<\/div>\n\t\t\t\t\t<\/div>\n\t\t\t\t<\/div>\n\t\t<div class=\"elementor-element elementor-element-4e8a299 e-flex e-con-boxed e-con e-parent\" data-id=\"4e8a299\" data-element_type=\"container\" data-e-type=\"container\" id=\"xs_timeline_2\" data-settings=\"{&quot;background_background&quot;:&quot;gradient&quot;,&quot;ekit_has_onepagescroll_dot&quot;:&quot;yes&quot;}\">\n\t\t\t\t\t<div class=\"e-con-inner\">\n\t\t<div class=\"elementor-element elementor-element-253e42e e-con-full e-flex e-con e-child\" data-id=\"253e42e\" data-element_type=\"container\" data-e-type=\"container\" data-settings=\"{&quot;ekit_has_onepagescroll_dot&quot;:&quot;yes&quot;}\">\n\t\t\t\t<div class=\"elementor-element elementor-element-84191f8 animated-fast elementor-invisible elementor-widget elementor-widget-elementskit-heading\" data-id=\"84191f8\" data-element_type=\"widget\" data-e-type=\"widget\" data-settings=\"{&quot;_animation&quot;:&quot;fadeInUp&quot;,&quot;_animation_delay&quot;:200,&quot;ekit_we_effect_on&quot;:&quot;none&quot;}\" data-widget_type=\"elementskit-heading.default\">\n\t\t\t\t<div class=\"elementor-widget-container\">\n\t\t\t\t\t<div class=\"ekit-wid-con\" ><div class=\"ekit-heading elementskit-section-title-wraper text_center   ekit_heading_tablet-   ekit_heading_mobile-\"><p class=\"ekit-heading--title elementskit-section-title\">C\u00f3mo es el <span><span>proceso<\/span><\/span><\/p><div class=\"ekit_heading_separetor_wraper ekit_heading_elementskit-border-divider ekit-dotted\"><div class=\"elementskit-border-divider ekit-dotted\"><\/div><\/div><p class=\"ekit-heading--subtitle elementskit-section-subtitle\">\n\t\t\t\t\t\tEl objetivo siempre es un postoperatorio r\u00e1pido, c\u00f3modo y con la m\u00ednima     interferencia en el d\u00eda a d\u00eda. Mirja acompa\u00f1a al paciente en todo el     proceso: del diagn\u00f3stico a la recuperaci\u00f3n.\n\t\t\t\t\t<\/p><\/div><\/div>\t\t\t\t<\/div>\n\t\t\t\t<\/div>\n\t\t\t\t<div class=\"elementor-element elementor-element-79803b5 elementor-widget__width-inherit ekit-timeline-horizontal-top elementor-widget elementor-widget-elementskit-timeline\" data-id=\"79803b5\" data-element_type=\"widget\" data-e-type=\"widget\" data-settings=\"{&quot;ekit_we_effect_on&quot;:&quot;none&quot;}\" data-widget_type=\"elementskit-timeline.default\">\n\t\t\t\t<div class=\"elementor-widget-container\">\n\t\t\t\t\t<div class=\"ekit-wid-con\" >        <div class=\"timeline-area horizantal-timeline clearfix\" > \n\n         \n                <div class=\"single-timeline  elementor-repeater-item-4a5c570\">\n                        <div class=\"timeline-item\" data-settings=\"{&quot;_animation&quot;:&quot;&quot;}\">\n\n                                                    <div class=\"timeline-content\">\n\n                                \n                                                                    <h3 class=\"title\">01. Diagn\u00f3stico<\/h3>\n                                \n                                                                    <p>Estudio detallado de la patolog\u00eda para confirmar que la cirug\u00eda es la soluci\u00f3n m\u00e1s indicada y planificar la intervenci\u00f3n.<\/p>\n                                \n                            <\/div>\n                            <div class=\"timeline-pin\"><\/div>\n                        <\/div>\n                        <div class=\"content-group text-center\">\n                            <div class=\"top-content\" data-settings=\"{&quot;_animation&quot;:&quot;&quot;}\">\n                                                            <h3 class=\"title\">01. Diagn\u00f3stico<\/h3>\n                            \n                            <\/div>\n                            <div class=\"bar\">\n                                <div class=\"pin\"><\/div>\n                            <\/div>\n                                                            <div class=\"bottom-content\" data-settings=\"{&quot;_animation&quot;:&quot;&quot;}\">\n                                    <p class=\"date\">01<\/p>\n                                <\/div>\n                                                    <\/div>\n                    <\/div>\n                    \n    \n                <div class=\"single-timeline  elementor-repeater-item-ccbac1f\">\n                        <div class=\"timeline-item\" data-settings=\"{&quot;_animation&quot;:&quot;&quot;}\">\n\n                                                    <div class=\"timeline-content\">\n\n                                \n                                                                    <h3 class=\"title\">02. Intervenci\u00f3n<\/h3>\n                                \n                                                                    <p>Procedimiento ambulatorio realizado con anestesia local. En la mayor\u00eda de los casos se completa en una sola sesi\u00f3n.<\/p>\n                                \n                            <\/div>\n                            <div class=\"timeline-pin\"><\/div>\n                        <\/div>\n                        <div class=\"content-group text-center\">\n                            <div class=\"top-content\" data-settings=\"{&quot;_animation&quot;:&quot;&quot;}\">\n                                                            <h3 class=\"title\">02. Intervenci\u00f3n<\/h3>\n                            \n                            <\/div>\n                            <div class=\"bar\">\n                                <div class=\"pin\"><\/div>\n                            <\/div>\n                                                            <div class=\"bottom-content\" data-settings=\"{&quot;_animation&quot;:&quot;&quot;}\">\n                                    <p class=\"date\">02<\/p>\n                                <\/div>\n                                                    <\/div>\n                    <\/div>\n                    \n    \n                <div class=\"single-timeline  elementor-repeater-item-0599620\">\n                        <div class=\"timeline-item\" data-settings=\"{&quot;_animation&quot;:&quot;&quot;}\">\n\n                                                    <div class=\"timeline-content\">\n\n                                \n                                                                    <h3 class=\"title\">03. Recuperaci\u00f3n<\/h3>\n                                \n                                                                    <p>Seguimiento personalizado hasta la recuperaci\u00f3n completa. El objetivo es que vuelvas a tu actividad lo antes posible.<\/p>\n                                \n                            <\/div>\n                            <div class=\"timeline-pin\"><\/div>\n                        <\/div>\n                        <div class=\"content-group text-center\">\n                            <div class=\"top-content\" data-settings=\"{&quot;_animation&quot;:&quot;&quot;}\">\n                                                            <h3 class=\"title\">03. Recuperaci\u00f3n<\/h3>\n                            \n                            <\/div>\n                            <div class=\"bar\">\n                                <div class=\"pin\"><\/div>\n                            <\/div>\n                                                            <div class=\"bottom-content\" data-settings=\"{&quot;_animation&quot;:&quot;&quot;}\">\n                                    <p class=\"date\">03<\/p>\n                                <\/div>\n                                                    <\/div>\n                    <\/div>\n                    \n    <\/div><\/div>\t\t\t\t<\/div>\n\t\t\t\t<\/div>\n\t\t\t\t<\/div>\n\t\t\t\t\t<\/div>\n\t\t\t\t<\/div>\n\t\t<div class=\"elementor-element elementor-element-0f180f1 e-flex e-con-boxed e-con e-parent\" data-id=\"0f180f1\" data-element_type=\"container\" data-e-type=\"container\" data-settings=\"{&quot;background_background&quot;:&quot;classic&quot;,&quot;ekit_has_onepagescroll_dot&quot;:&quot;yes&quot;}\">\n\t\t\t\t\t<div class=\"e-con-inner\">\n\t\t<div class=\"elementor-element elementor-element-b5d1772 e-con-full e-flex e-con e-child\" data-id=\"b5d1772\" data-element_type=\"container\" data-e-type=\"container\" data-settings=\"{&quot;ekit_has_onepagescroll_dot&quot;:&quot;yes&quot;}\">\n\t\t\t\t<div class=\"elementor-element elementor-element-6c792f9 elementor-view-default elementor-widget elementor-widget-icon\" data-id=\"6c792f9\" data-element_type=\"widget\" data-e-type=\"widget\" data-settings=\"{&quot;ekit_we_effect_on&quot;:&quot;none&quot;}\" data-widget_type=\"icon.default\">\n\t\t\t\t<div class=\"elementor-widget-container\">\n\t\t\t\t\t\t\t<div class=\"elementor-icon-wrapper\">\n\t\t\t<div class=\"elementor-icon\">\n\t\t\t<svg xmlns=\"http:\/\/www.w3.org\/2000\/svg\" id=\"Capa_2\" data-name=\"Capa 2\" viewbox=\"0 0 87.04 80.38\"><g id=\"Capa_1-2\" data-name=\"Capa 1\"><g><path d=\"M78.43,69.12c-2.06-.46-3.95-.95-5.93-1.61-2.81-.93-5.54-1.71-8.22-2.97-3.6-1.69-6.86-3.75-10.09-6.07-3.96-2.85-7.94-5.31-12.28-7.51-4.93-2.49-8.34-6.92-9.71-12.22-.79-3.07-1.08-6.01-1.25-9.18-.3-5.64-.34-11.16,0-16.8l.73-12.07c.02-.36.53-.68.81-.68.37,0,.81.39.79.85l-.87,17.38c-.25,4.96,0,9.75.39,14.66.14,1.76.47,3.39.87,5.09,1.27,5.4,4.87,9.65,9.83,12.02,3.01,1.44,5.77,3.09,8.52,4.98l6.43,4.41c5.7,3.91,11.96,6,18.65,7.71,2.21.56,4.37.69,6.58,1.09,1.09.2,2.18.64,2.73,1.64,1.23,2.24.55,5.04-1.48,6.59-1.5,1.15-3.35,1.64-5.22,1.52-1.65,1.43-3.96,1.62-5.85.53l-.79.53c-1.57,1.06-3.54.95-5.25.09-1.63,1.74-4.57,1.5-6.41.43-.62-.36-1.12-.23-1.77,0-4.21,1.46-9.83.05-14.03-1.04l-6.5-1.69c-4.69-1.22-9.42-1.11-14.11.11l-5.62,1.46c-3.77.98-7.65,1.02-11.41.09s-6.27-3.52-7.34-7.11-.75-7.03.36-10.41l1.28-3.91c1.35-4.12,2.21-8.34,2.47-12.71.47-7.83-.5-20.57-1.46-28.48L1.49,1c-.06-.5.29-.92.71-.97.49-.06.86.31.92.85l1.24,9.99c1.27,10.25,2.35,21.56,2.11,31.88-.15,6.13-1.59,11.96-3.58,17.69-.71,2.05-1.21,4-1.25,6.16-.05,2.67.55,5.28,2.18,7.4,3.13,4.07,10.84,3.89,15.08,2.81l6.51-1.65c4.52-1.15,9.07-1.2,13.6-.04l8.98,2.3c3.35.86,8.19,1.78,11.4.49.95-.38,1.7-.4,2.61.13,1.13.66,2.59.97,3.84.51.79-.29,1.05-1.06,1.07-1.82.01-.67-.46-1.46-1.21-1.78l-3.1-1.31c-.37-.16-.53-.74-.4-1.06.14-.35.69-.58,1.08-.42,2.74,1.14,5.75,1.97,5.2,5.41,1.14.74,2.5.88,3.67.17.42-.26.73-.87.73-1.34,0-1.86-4.05-3.53-5.63-4.14-.47-.18-.72-.58-.63-1.04.08-.41.65-.71,1.08-.52l2.56,1.12c1.85.81,4.76,2.67,4.2,5.14,1.29,1.04,4.06.72,4.37-.76.13-.6-.04-1.23-.51-1.65-2.12-1.92-4.58-2.79-7.22-3.79-.43-.16-.61-.74-.43-1.11.19-.39.68-.53,1.12-.36,2.64,1.03,6,2.28,7.91,4.34.68.73.81,1.69.77,2.71,1.41.01,2.8-.51,3.81-1.49.96-.93,1.42-2.35.95-3.59-1.54,1.65-4.16,1.15-5.78.28-.86-.46-1.21-1.27-1.03-2.42ZM84.14,69.96l-4.18-.61c-.46,1.31,3.59,2.02,4.18.61Z\"><\/path><path d=\"M15.79,54.97c2.13,2.21,3.92,1.16,3.73,2.6-.06.43-.54.77-1.06.67-4.4-.86-6.94-5.73-6.24-9.7l1-5.68c.09-.49.44-.78.9-.75.35.02.8.49.71.94l-.71,3.74c-.58,3.08-.64,5.78,1.66,8.17Z\"><\/path><path d=\"M66.29,60.94c-.21.76-.91,1.02-1.47.81-.64-.24-.8-.84-.62-1.52l3.55-12.99c-.99-.77-1.36-1.86-1.2-3.06l.39-2.85c-1.59-.6-2.49-2.11-2.05-3.75l6.25-22.91c-.96-.46-2.82-.28-2.5-1.74.15-.69.75-.98,1.46-.8l4.48,1.2,2.92-10.71-1.76-.46c-.66-.17-1.07-.71-.9-1.32s.73-.97,1.42-.78l9.92,2.71c.6.16.92.7.85,1.23-.09.59-.58,1.06-1.23.9l-1.92-.47-2.9,10.66,4.67,1.27c.56.15.85.67.8,1.18-.05.48-.55,1.05-1.15.92l-1.96-.4-6.16,22.63c-.46,1.7-1.83,2.69-3.68,2.4l-1.01,2.44c-.47,1.14-1.23,2.02-2.61,2.2l-3.58,13.22ZM79.57,3.2l-2.91,10.71,2.28.62,2.91-10.71-2.28-.62ZM73.22,15.21l-2.18,8.06,3.02.82,2.18-8.06-3.02-.82ZM78.29,16.59l-2.19,8.05,3.02.82,2.19-8.05-3.02-.82ZM70.54,35.67l-2.68-.72-.84,3.03c-.18.64.16,1.14.75,1.3l6.07,1.64c.52.14,1.07-.17,1.22-.7l3.44-12.65-8-2.21c-.31.97-.53,1.78-.72,2.69l2.67.75c.64.18.97.7.85,1.31-.12.56-.71.96-1.34.8l-2.82-.73-.7,2.67,2.77.77c.66.18.94.82.75,1.39s-.76.86-1.43.68ZM70.33,45.08l1.05-2.57-2.3-.61-.38,2.78c-.04.33.35.8.64.86.27.06.86-.15.99-.47Z\"><\/path><\/g><\/g><\/svg>\t\t\t<\/div>\n\t\t<\/div>\n\t\t\t\t\t\t<\/div>\n\t\t\t\t<\/div>\n\t\t\t\t<\/div>\n\t\t<div class=\"elementor-element elementor-element-0b3d2f4 e-con-full e-flex e-con e-child\" data-id=\"0b3d2f4\" data-element_type=\"container\" data-e-type=\"container\" data-settings=\"{&quot;ekit_has_onepagescroll_dot&quot;:&quot;yes&quot;}\">\n\t\t\t\t<div class=\"elementor-element elementor-element-e135895 elementor-invisible elementor-widget elementor-widget-elementskit-heading\" data-id=\"e135895\" data-element_type=\"widget\" data-e-type=\"widget\" data-settings=\"{&quot;_animation&quot;:&quot;slideInRight&quot;,&quot;ekit_we_effect_on&quot;:&quot;none&quot;}\" data-widget_type=\"elementskit-heading.default\">\n\t\t\t\t<div class=\"elementor-widget-container\">\n\t\t\t\t\t<div class=\"ekit-wid-con\" ><div class=\"ekit-heading elementskit-section-title-wraper text_left   ekit_heading_tablet-   ekit_heading_mobile-text_center\"><h2 class=\"ekit-heading--title elementskit-section-title\">\u00bfLlevas tiempo conviviendo con un dolor que tiene soluci\u00f3n?<\/h2><h3 class=\"ekit-heading--subtitle elementskit-section-subtitle\">\n\t\t\t\t\t\t Cu\u00e9ntanos qu\u00e9 te pasa.\n\t\t\t\t\t<\/h3><\/div><\/div>\t\t\t\t<\/div>\n\t\t\t\t<\/div>\n\t\t\t\t<div class=\"elementor-element elementor-element-7702dd4 elementor-align-left elementor-align--mobilecenter elementor-invisible elementor-widget elementor-widget-elementskit-button\" data-id=\"7702dd4\" data-element_type=\"widget\" data-e-type=\"widget\" data-settings=\"{&quot;_animation&quot;:&quot;slideInLeft&quot;,&quot;ekit_we_effect_on&quot;:&quot;none&quot;}\" data-widget_type=\"elementskit-button.default\">\n\t\t\t\t<div class=\"elementor-widget-container\">\n\t\t\t\t\t<div class=\"ekit-wid-con\" >\t\t<div class=\"ekit-btn-wraper\">\n\t\t\t\t\t\t\t<a href=\"#\" class=\"elementskit-btn  whitespace--normal\" id=\"\">\n\t\t\t\t\tBook an Appointment\t\t\t\t<\/a>\n\t\t\t\t\t<\/div>\n        <\/div>\t\t\t\t<\/div>\n\t\t\t\t<\/div>\n\t\t\t\t<\/div>\n\t\t\t\t\t<\/div>\n\t\t\t\t<\/div>\n\t\t\t\t<\/div>","protected":false},"excerpt":{"rendered":"<p>Ciruj\u00eda Podol\u00f3gica Cuando el tratamiento conservador no es suficiente, la cirug\u00eda es la soluci\u00f3n. Hay problemas en el pie que no responden a plantillas ni a cuidados externos. Para esos casos existe la cirug\u00eda podol\u00f3gica: una intervenci\u00f3nprecisa, con recuperaci\u00f3n pensada para que vuelvas a tu actividad lo antes posible. Mirja est\u00e1 especializada en cirug\u00eda ungueal, [&hellip;]<\/p>\n","protected":false},"author":1,"featured_media":0,"parent":0,"menu_order":0,"comment_status":"closed","ping_status":"closed","template":"","meta":{"footnotes":""},"class_list":["post-130","page","type-page","status-publish","hentry"],"_links":{"self":[{"href":"https:\/\/mirjamarco.com\/en\/wp-json\/wp\/v2\/pages\/130","targetHints":{"allow":["GET"]}}],"collection":[{"href":"https:\/\/mirjamarco.com\/en\/wp-json\/wp\/v2\/pages"}],"about":[{"href":"https:\/\/mirjamarco.com\/en\/wp-json\/wp\/v2\/types\/page"}],"author":[{"embeddable":true,"href":"https:\/\/mirjamarco.com\/en\/wp-json\/wp\/v2\/users\/1"}],"replies":[{"embeddable":true,"href":"https:\/\/mirjamarco.com\/en\/wp-json\/wp\/v2\/comments?post=130"}],"version-history":[{"count":52,"href":"https:\/\/mirjamarco.com\/en\/wp-json\/wp\/v2\/pages\/130\/revisions"}],"predecessor-version":[{"id":1140,"href":"https:\/\/mirjamarco.com\/en\/wp-json\/wp\/v2\/pages\/130\/revisions\/1140"}],"wp:attachment":[{"href":"https:\/\/mirjamarco.com\/en\/wp-json\/wp\/v2\/media?parent=130"}],"curies":[{"name":"wp","href":"https:\/\/api.w.org\/{rel}","templated":true}]}}